{"id":1401,"date":"2025-10-07T16:26:16","date_gmt":"2025-10-07T14:26:16","guid":{"rendered":"https:\/\/velarissails.com\/blog\/"},"modified":"2025-12-03T12:02:59","modified_gmt":"2025-12-03T11:02:59","slug":"blog","status":"publish","type":"page","link":"https:\/\/velarissails.com\/fr\/blog\/","title":{"rendered":"Blog"},"content":{"rendered":"\t\t<div data-elementor-type=\"wp-page\" data-elementor-id=\"1401\" class=\"elementor elementor-1401 elementor-230\">\n\t\t\t\t<div class=\"elementor-element elementor-element-f23985a e-con-full e-flex e-con e-parent\" data-id=\"f23985a\" data-element_type=\"container\" data-e-type=\"container\" data-settings=\"{&quot;background_background&quot;:&quot;classic&quot;}\">\n\t\t\t\t<div class=\"elementor-element elementor-element-250c4ce elementor-widget elementor-widget-heading\" data-id=\"250c4ce\" data-element_type=\"widget\" data-e-type=\"widget\" data-widget_type=\"heading.default\">\n\t\t\t\t\t<h1 class=\"elementor-heading-title elementor-size-default\">Conseils pour le Navigateur<\/h1>\t\t\t\t<\/div>\n\t\t\t\t<\/div>\n\t\t<div class=\"elementor-element elementor-element-62d3c44 e-flex e-con-boxed e-con e-parent\" data-id=\"62d3c44\" data-element_type=\"container\" data-e-type=\"container\">\n\t\t\t\t\t<div class=\"e-con-inner\">\n\t\t\t\t<div class=\"elementor-element elementor-element-76262df elementor-widget elementor-widget-heading\" data-id=\"76262df\" data-element_type=\"widget\" data-e-type=\"widget\" data-widget_type=\"heading.default\">\n\t\t\t\t\t<h2 class=\"elementor-heading-title elementor-size-default\">Blog<\/h2>\t\t\t\t<\/div>\n\t\t\t\t<div class=\"elementor-element elementor-element-caf7d2c elementor-widget elementor-widget-text-editor\" data-id=\"caf7d2c\" data-element_type=\"widget\" data-e-type=\"widget\" data-widget_type=\"text-editor.default\">\n\t\t\t\t\t\t\t\t\tConseils pour le Navigateur\t\t\t\t\t\t\t\t<\/div>\n\t\t\t\t\t<\/div>\n\t\t\t\t<\/div>\n\t\t<div class=\"elementor-element elementor-element-78fc75c e-flex e-con-boxed e-con e-parent\" data-id=\"78fc75c\" data-element_type=\"container\" data-e-type=\"container\">\n\t\t\t\t\t<div class=\"e-con-inner\">\n\t\t\t\t<div class=\"elementor-element elementor-element-4755c15 elementor-widget elementor-widget-shortcode\" data-id=\"4755c15\" data-element_type=\"widget\" data-e-type=\"widget\" data-widget_type=\"shortcode.default\">\n\t\t\t\t\t\t\t<div class=\"elementor-shortcode\">\n  \n    <div class=\"row large-columns-3 medium-columns- small-columns-1 row-large row-full-width\" >\n  <div class=\"col post-item\" >\n\t\t\t<div class=\"col-inner\">\n\t\t\t\t<div class=\"box box-default box-text-bottom box-blog-post has-hover\">\n            \t\t\t\t\t<div class=\"box-image\" >\n  \t\t\t\t\t\t<div class=\"image-zoom image-cover\" style=\"padding-top:80%;\">\n\t\t\t\t\t\t\t<a href=\"https:\/\/velarissails.com\/fr\/voiles-dombrage-une-excellente-option-pour-donner-de-lombre-et-bloquer-les-rayons-solaires\/\" class=\"plain\" aria-label=\"Voiles d\u2019ombrage, une excellente option pour donner de l\u2019ombre et bloquer les rayons solaires\">\n\t\t\t\t\t\t\t\t<img fetchpriority=\"high\" decoding=\"async\" width=\"800\" height=\"400\" src=\"https:\/\/velarissails.com\/wp-content\/uploads\/2025\/11\/blog-18-800x400.jpg\" class=\"attachment-medium size-medium wp-post-image\" alt=\"Voiles d\u2019ombrage, une excellente option pour donner de l\u2019ombre et bloquer les rayons solaires\" srcset=\"https:\/\/velarissails.com\/wp-content\/uploads\/2025\/11\/blog-18-800x400.jpg 800w, https:\/\/velarissails.com\/wp-content\/uploads\/2025\/11\/blog-18-768x384.jpg 768w, https:\/\/velarissails.com\/wp-content\/uploads\/2025\/11\/blog-18-600x300.jpg 600w, https:\/\/velarissails.com\/wp-content\/uploads\/2025\/11\/blog-18.jpg 1200w\" sizes=\"(max-width: 800px) 100vw, 800px\" \/>\t\t\t\t\t\t\t<\/a>\n  \t\t\t\t\t\t\t  \t\t\t\t\t\t\t  \t\t\t\t\t\t<\/div>\n  \t\t\t\t\t\t  \t\t\t\t\t<\/div>\n          \t\t\t\t\t<div class=\"box-text text-center\" >\n\t\t\t\t\t<div class=\"box-text-inner blog-post-inner\">\n\n\t\t\t\t\t\n\t\t\t\t\t\t\t\t\t\t<h5 class=\"post-title is-large \">\n\t\t\t\t\t\t<a href=\"https:\/\/velarissails.com\/fr\/voiles-dombrage-une-excellente-option-pour-donner-de-lombre-et-bloquer-les-rayons-solaires\/\" class=\"plain\">Voiles d\u2019ombrage, une excellente option pour donner de l\u2019ombre et bloquer les rayons solaires<\/a>\n\t\t\t\t\t<\/h5>\n\t\t\t\t\t<div class=\"post-meta is-small op-8\">25 septembre 2019<\/div>\t\t\t\t\t<div class=\"is-divider\"><\/div>\n\t\t\t\t\t\t\t\t\t\t<p class=\"from_the_blog_excerpt \">\n\t\t\t\t\t\tLes voiles d\u2019ombrage ou les toiles tendues sont une excellente option pour donner de l\u2019ombre \u00e0 n\u2019importe quel [...]\t\t\t\t\t<\/p>\n\t\t\t\t\t                    \n\t\t\t\t\t\n\t\t\t\t\t\n\t\t\t\t\t<\/div>\n\t\t\t\t\t<\/div>\n\t\t\t\t\t\t\t\t\t<\/div>\n\t\t\t<\/div>\n\t\t<\/div><div class=\"col post-item\" >\n\t\t\t<div class=\"col-inner\">\n\t\t\t\t<div class=\"box box-default box-text-bottom box-blog-post has-hover\">\n            \t\t\t\t\t<div class=\"box-image\" >\n  \t\t\t\t\t\t<div class=\"image-zoom image-cover\" style=\"padding-top:80%;\">\n\t\t\t\t\t\t\t<a href=\"https:\/\/velarissails.com\/fr\/les-soins-et-lentretien-des-voiles\/\" class=\"plain\" aria-label=\"Les soins et l\u2019entretien des voiles\">\n\t\t\t\t\t\t\t\t<img decoding=\"async\" width=\"800\" height=\"400\" src=\"https:\/\/velarissails.com\/wp-content\/uploads\/2025\/11\/blog-19-800x400.jpg\" class=\"attachment-medium size-medium wp-post-image\" alt=\"Les soins et l\u2019entretien des voiles\" srcset=\"https:\/\/velarissails.com\/wp-content\/uploads\/2025\/11\/blog-19-800x400.jpg 800w, https:\/\/velarissails.com\/wp-content\/uploads\/2025\/11\/blog-19-768x384.jpg 768w, https:\/\/velarissails.com\/wp-content\/uploads\/2025\/11\/blog-19-600x300.jpg 600w, https:\/\/velarissails.com\/wp-content\/uploads\/2025\/11\/blog-19.jpg 1200w\" sizes=\"(max-width: 800px) 100vw, 800px\" \/>\t\t\t\t\t\t\t<\/a>\n  \t\t\t\t\t\t\t  \t\t\t\t\t\t\t  \t\t\t\t\t\t<\/div>\n  \t\t\t\t\t\t  \t\t\t\t\t<\/div>\n          \t\t\t\t\t<div class=\"box-text text-center\" >\n\t\t\t\t\t<div class=\"box-text-inner blog-post-inner\">\n\n\t\t\t\t\t\n\t\t\t\t\t\t\t\t\t\t<h5 class=\"post-title is-large \">\n\t\t\t\t\t\t<a href=\"https:\/\/velarissails.com\/fr\/les-soins-et-lentretien-des-voiles\/\" class=\"plain\">Les soins et l\u2019entretien des voiles<\/a>\n\t\t\t\t\t<\/h5>\n\t\t\t\t\t<div class=\"post-meta is-small op-8\">9 septembre 2019<\/div>\t\t\t\t\t<div class=\"is-divider\"><\/div>\n\t\t\t\t\t\t\t\t\t\t<p class=\"from_the_blog_excerpt \">\n\t\t\t\t\t\tL\u2019\u00e9tat de vos voiles peut avoir un grand impact sur le rendement de votre bateau. Les nouvelles voiles [...]\t\t\t\t\t<\/p>\n\t\t\t\t\t                    \n\t\t\t\t\t\n\t\t\t\t\t\n\t\t\t\t\t<\/div>\n\t\t\t\t\t<\/div>\n\t\t\t\t\t\t\t\t\t<\/div>\n\t\t\t<\/div>\n\t\t<\/div><div class=\"col post-item\" >\n\t\t\t<div class=\"col-inner\">\n\t\t\t\t<div class=\"box box-default box-text-bottom box-blog-post has-hover\">\n            \t\t\t\t\t<div class=\"box-image\" >\n  \t\t\t\t\t\t<div class=\"image-zoom image-cover\" style=\"padding-top:80%;\">\n\t\t\t\t\t\t\t<a href=\"https:\/\/velarissails.com\/fr\/ou-mouiller-dans-la-baie-de-roses-et-cadaques\/\" class=\"plain\" aria-label=\"O\u00f9 mouiller dans la Baie de Roses et Cadaqu\u00e9s\">\n\t\t\t\t\t\t\t\t<img decoding=\"async\" width=\"800\" height=\"400\" src=\"https:\/\/velarissails.com\/wp-content\/uploads\/2025\/11\/blog-20-800x400.jpg\" class=\"attachment-medium size-medium wp-post-image\" alt=\"O\u00f9 mouiller dans la Baie de Roses et Cadaqu\u00e9s\" srcset=\"https:\/\/velarissails.com\/wp-content\/uploads\/2025\/11\/blog-20-800x400.jpg 800w, https:\/\/velarissails.com\/wp-content\/uploads\/2025\/11\/blog-20-768x384.jpg 768w, https:\/\/velarissails.com\/wp-content\/uploads\/2025\/11\/blog-20-600x300.jpg 600w, https:\/\/velarissails.com\/wp-content\/uploads\/2025\/11\/blog-20.jpg 1200w\" sizes=\"(max-width: 800px) 100vw, 800px\" \/>\t\t\t\t\t\t\t<\/a>\n  \t\t\t\t\t\t\t  \t\t\t\t\t\t\t  \t\t\t\t\t\t<\/div>\n  \t\t\t\t\t\t  \t\t\t\t\t<\/div>\n          \t\t\t\t\t<div class=\"box-text text-center\" >\n\t\t\t\t\t<div class=\"box-text-inner blog-post-inner\">\n\n\t\t\t\t\t\n\t\t\t\t\t\t\t\t\t\t<h5 class=\"post-title is-large \">\n\t\t\t\t\t\t<a href=\"https:\/\/velarissails.com\/fr\/ou-mouiller-dans-la-baie-de-roses-et-cadaques\/\" class=\"plain\">O\u00f9 mouiller dans la Baie de Roses et Cadaqu\u00e9s<\/a>\n\t\t\t\t\t<\/h5>\n\t\t\t\t\t<div class=\"post-meta is-small op-8\">21 ao\u00fbt 2019<\/div>\t\t\t\t\t<div class=\"is-divider\"><\/div>\n\t\t\t\t\t\t\t\t\t\t<p class=\"from_the_blog_excerpt \">\n\t\t\t\t\t\tQuand nous naviguons avec notre bateau, apr\u00e8s avoir pass\u00e9 toute la journ\u00e9e en profitant et \u00e9merveill\u00e9s par les [...]\t\t\t\t\t<\/p>\n\t\t\t\t\t                    \n\t\t\t\t\t\n\t\t\t\t\t\n\t\t\t\t\t<\/div>\n\t\t\t\t\t<\/div>\n\t\t\t\t\t\t\t\t\t<\/div>\n\t\t\t<\/div>\n\t\t<\/div><div class=\"col post-item\" >\n\t\t\t<div class=\"col-inner\">\n\t\t\t\t<div class=\"box box-default box-text-bottom box-blog-post has-hover\">\n            \t\t\t\t\t<div class=\"box-image\" >\n  \t\t\t\t\t\t<div class=\"image-zoom image-cover\" style=\"padding-top:80%;\">\n\t\t\t\t\t\t\t<a href=\"https:\/\/velarissails.com\/fr\/naviguer-dans-la-baie-de-roses\/\" class=\"plain\" aria-label=\"Naviguer dans la baie de Roses\">\n\t\t\t\t\t\t\t\t<img loading=\"lazy\" decoding=\"async\" width=\"800\" height=\"400\" src=\"https:\/\/velarissails.com\/wp-content\/uploads\/2025\/11\/blog-21-800x400.jpg\" class=\"attachment-medium size-medium wp-post-image\" alt=\"Naviguer dans la baie de Roses\" srcset=\"https:\/\/velarissails.com\/wp-content\/uploads\/2025\/11\/blog-21-800x400.jpg 800w, https:\/\/velarissails.com\/wp-content\/uploads\/2025\/11\/blog-21-768x384.jpg 768w, https:\/\/velarissails.com\/wp-content\/uploads\/2025\/11\/blog-21-600x300.jpg 600w, https:\/\/velarissails.com\/wp-content\/uploads\/2025\/11\/blog-21.jpg 1200w\" sizes=\"(max-width: 800px) 100vw, 800px\" \/>\t\t\t\t\t\t\t<\/a>\n  \t\t\t\t\t\t\t  \t\t\t\t\t\t\t  \t\t\t\t\t\t<\/div>\n  \t\t\t\t\t\t  \t\t\t\t\t<\/div>\n          \t\t\t\t\t<div class=\"box-text text-center\" >\n\t\t\t\t\t<div class=\"box-text-inner blog-post-inner\">\n\n\t\t\t\t\t\n\t\t\t\t\t\t\t\t\t\t<h5 class=\"post-title is-large \">\n\t\t\t\t\t\t<a href=\"https:\/\/velarissails.com\/fr\/naviguer-dans-la-baie-de-roses\/\" class=\"plain\">Naviguer dans la baie de Roses<\/a>\n\t\t\t\t\t<\/h5>\n\t\t\t\t\t<div class=\"post-meta is-small op-8\">30 juillet 2019<\/div>\t\t\t\t\t<div class=\"is-divider\"><\/div>\n\t\t\t\t\t\t\t\t\t\t<p class=\"from_the_blog_excerpt \">\n\t\t\t\t\t\tDans notre section de conseils pour le navigateur, nous vous faisons une petite route avec les endroits les [...]\t\t\t\t\t<\/p>\n\t\t\t\t\t                    \n\t\t\t\t\t\n\t\t\t\t\t\n\t\t\t\t\t<\/div>\n\t\t\t\t\t<\/div>\n\t\t\t\t\t\t\t\t\t<\/div>\n\t\t\t<\/div>\n\t\t<\/div><\/div><\/div>\n\t\t\t\t\t\t<\/div>\n\t\t\t\t\t<\/div>\n\t\t\t\t<\/div>\n\t\t\t\t<\/div>\n\t\t","protected":false},"excerpt":{"rendered":"<p>Conseils pour le Navigateur Blog Conseils pour le Navigateur<\/p>\n","protected":false},"author":1,"featured_media":0,"parent":0,"menu_order":0,"comment_status":"closed","ping_status":"closed","template":"page-blank.php","meta":{"footnotes":""},"class_list":["post-1401","page","type-page","status-publish","hentry"],"_links":{"self":[{"href":"https:\/\/velarissails.com\/fr\/wp-json\/wp\/v2\/pages\/1401","targetHints":{"allow":["GET"]}}],"collection":[{"href":"https:\/\/velarissails.com\/fr\/wp-json\/wp\/v2\/pages"}],"about":[{"href":"https:\/\/velarissails.com\/fr\/wp-json\/wp\/v2\/types\/page"}],"author":[{"embeddable":true,"href":"https:\/\/velarissails.com\/fr\/wp-json\/wp\/v2\/users\/1"}],"replies":[{"embeddable":true,"href":"https:\/\/velarissails.com\/fr\/wp-json\/wp\/v2\/comments?post=1401"}],"version-history":[{"count":1,"href":"https:\/\/velarissails.com\/fr\/wp-json\/wp\/v2\/pages\/1401\/revisions"}],"predecessor-version":[{"id":1402,"href":"https:\/\/velarissails.com\/fr\/wp-json\/wp\/v2\/pages\/1401\/revisions\/1402"}],"wp:attachment":[{"href":"https:\/\/velarissails.com\/fr\/wp-json\/wp\/v2\/media?parent=1401"}],"curies":[{"name":"wp","href":"https:\/\/api.w.org\/{rel}","templated":true}]}}